{"id":3502,"date":"2020-01-11T21:32:12","date_gmt":"2020-01-11T20:32:12","guid":{"rendered":"https:\/\/www.thewebgermany.de\/wordpress\/?page_id=3502"},"modified":"2022-08-05T23:12:58","modified_gmt":"2022-08-05T22:12:58","slug":"conventions2021","status":"publish","type":"page","link":"https:\/\/www.thewebgermany.de\/wordpress\/conventions2021\/","title":{"rendered":"Conventions 2021"},"content":{"rendered":"\n<p>20.05.2020<\/p>\n<p>&nbsp;<\/p>\n\n\n\n<figure class=\"wp-block-image size-large\"><img loading=\"lazy\" decoding=\"async\" width=\"600\" height=\"80\" src=\"https:\/\/www.thewebgermany.de\/wordpress\/wp-content\/uploads\/2020\/05\/weekend20202021banner.jpg\" alt=\"\" class=\"wp-image-3566\" srcset=\"https:\/\/www.thewebgermany.de\/wordpress\/wp-content\/uploads\/2020\/05\/weekend20202021banner.jpg 600w, https:\/\/www.thewebgermany.de\/wordpress\/wp-content\/uploads\/2020\/05\/weekend20202021banner-300x40.jpg 300w\" sizes=\"auto, (max-width: 600px) 100vw, 600px\" \/><\/figure>\n\n\n\n<p>Viele hatten es bef\u00fcrchtet, nun ist es also traurige Wahrheit. Lest hierzu bitte das <strong>Statement von Marillion<\/strong>, das wir f\u00fcr euch \u00fcbersetzt haben:<\/p>\n<hr \/>\n<p><em>Hallo zusammen!<\/em><\/p>\n<p><em> Wir hoffen, Ihr seid alle gesund und wohlauf. Wir dachten, es sei an der Zeit eine Ank\u00fcndigung hinsichtlich unserer Marillion-Weekends 2021 zu machen. Nach vielen langen Diskussionen haben wir uns zu der schmerzvollen Entscheidung durchgerungen, diese auf 2022 zu verschieben. (Mit einer Ausnahme: das Weekend in Gro\u00dfbritannien; doch dazu sp\u00e4ter mehr)<\/em><\/p>\n<p><em>Zu unseren Weekends kommen derart viele Fans aus der ganzen Welt, dass wir uns entschlossen haben, abzuwarten, bis sich das gesamte Leben wieder beruhigt hat, Fluglinien verl\u00e4sslich fliegen und die Welt hoffentlich wieder gesund ist. Es w\u00e4re eine Untertreibung zu sagen, dass wir entt\u00e4uscht sind, doch dies erscheint uns die einzig vern\u00fcnftige Vorgehensweise zu sein.<\/em><\/p>\n<p><em>2022 stellt das zwanzigj\u00e4hrige Jubil\u00e4um unseres allerersten Marillion-Weekends dar, weshalb wir bereits Pl\u00e4ne schmieden, das Ganze noch gr\u00f6\u00dfer und besser zu machen als jemals zuvor. Wenn alles gut geht, werden wir Weekends in Port Z\u00e8lande, Lodz, Leicester, Stockholm, Montreal und Lissabon durchf\u00fchren.<\/em><\/p>\n<p><em> F\u00fcr 2021 haben wir uns entschieden, das Weekend in Leicester, welches wir vom 30. April bis zum 2. Mai geplant haben, als eine Art &#8222;Feier&#8220; beizubehalten. Im Januar 2021 werden wir die Situation gemeinsam mit der Montfort Hall neu bewerten und wenn wir alle das Gef\u00fchl haben, dass es sicher ist, das Weekend durchzuf\u00fchren, werden die Tickets in den Verkauf gehen. F\u00fcr alle, die nicht live dabei sein k\u00f6nnen, werden wir versuchen, ein Live-Streaming auf einer &#8222;pay-per-view-Basis&#8220; anzubieten, so dass niemand leer ausgehen muss.<\/em><\/p>\n<p><em>Die gesamte Situation bleibt nat\u00fcrlich in Bewegung, und f\u00fcr den Moment ist dies alles, was wir euch sagen k\u00f6nnen.<\/em><\/p>\n<p><em>Wir sprechen aktuell mit unseren Promotern und Agenten dar\u00fcber, ob es m\u00f6glich ist, im Oktober\/November\/Dezember 2021 ein paar Shows zu spielen (was sich m\u00f6glicherweise mit der Ver\u00f6ffentlichung unseres neuen Albums \u00fcberschneidet \u2013 mal abwarten). Wir werden diese Shows rechtzeitig ank\u00fcndigen, falls und wenn es erlaubt, machbar und vor allem sicher ist.<\/em><\/p>\n<p><em>Wir hoffen, Ihr versteht unsere Entscheidungen ebenso wie die Tatsache, dass all diese Dinge sich auch noch komplett \u00e4ndern k\u00f6nnen. <br \/>Hoffen wir also auf einen wissenschaftlichen Durchbruch!<\/em><\/p>\n<p><em>In der Zwischenzeit: passt auf Euch auf, bleibt gesund und vern\u00fcnftig!<\/em><\/p>\n<p><em>H, Ian, Mark, Pete und Steve<\/em><\/p>\n<hr \/>\n<p>\u00a0<\/p>\n\n\n\n<p>07.02.2020<\/p>\n<p><a href=\"https:\/\/www.thewebgermany.de\/wordpress\/wp-content\/uploads\/2020\/02\/20200207_Logo.png\"><img loading=\"lazy\" decoding=\"async\" class=\"size-full wp-image-3520 aligncenter\" src=\"https:\/\/www.thewebgermany.de\/wordpress\/wp-content\/uploads\/2020\/02\/20200207_Logo.png\" alt=\"Conventions2021Logo\" width=\"367\" height=\"367\" srcset=\"https:\/\/www.thewebgermany.de\/wordpress\/wp-content\/uploads\/2020\/02\/20200207_Logo.png 367w, https:\/\/www.thewebgermany.de\/wordpress\/wp-content\/uploads\/2020\/02\/20200207_Logo-300x300.png 300w, https:\/\/www.thewebgermany.de\/wordpress\/wp-content\/uploads\/2020\/02\/20200207_Logo-150x150.png 150w\" sizes=\"auto, (max-width: 367px) 100vw, 367px\" \/><\/a><\/p>\n\n\n\n<p>11.01.2020<\/p>\n\n\n\n<p>Im April werden die L\u00e4nder, in denen die Marillion-Conventions \/ Marillion-Weekends 2021 stattfinden, bekannt gegeben. Ausf\u00fchrliche Informationen hierzu gibt es im Mai.<\/p>\n\n\n\n<p>Tickets f\u00fcr das Weekend in Port Zelande (NL) werden im Juni in den Verkauf gehen, f\u00fcr die \u00fcbrigen Conventions dann im Juli, August und September.<\/p>\n\n\n\n<p>Derzeit werden s\u00e4mtliche Details ausgearbeitet. Wir informieren Euch u. a. hier, sobald wir neue Informationen vom Management erhalten.<\/p>\n","protected":false},"excerpt":{"rendered":"<p>20.05.2020 &nbsp; Viele hatten es bef\u00fcrchtet, nun ist es also traurige Wahrheit. Lest hierzu bitte das Statement von Marillion, das wir f\u00fcr euch \u00fcbersetzt haben: Hallo zusammen! Wir hoffen, Ihr [&hellip;]<\/p>\n","protected":false},"author":2,"featured_media":3528,"parent":0,"menu_order":0,"comment_status":"closed","ping_status":"closed","template":"","meta":{"footnotes":""},"class_list":["post-3502","page","type-page","status-publish","has-post-thumbnail","hentry"],"_links":{"self":[{"href":"https:\/\/www.thewebgermany.de\/wordpress\/wp-json\/wp\/v2\/pages\/3502","targetHints":{"allow":["GET"]}}],"collection":[{"href":"https:\/\/www.thewebgermany.de\/wordpress\/wp-json\/wp\/v2\/pages"}],"about":[{"href":"https:\/\/www.thewebgermany.de\/wordpress\/wp-json\/wp\/v2\/types\/page"}],"author":[{"embeddable":true,"href":"https:\/\/www.thewebgermany.de\/wordpress\/wp-json\/wp\/v2\/users\/2"}],"replies":[{"embeddable":true,"href":"https:\/\/www.thewebgermany.de\/wordpress\/wp-json\/wp\/v2\/comments?post=3502"}],"version-history":[{"count":10,"href":"https:\/\/www.thewebgermany.de\/wordpress\/wp-json\/wp\/v2\/pages\/3502\/revisions"}],"predecessor-version":[{"id":4855,"href":"https:\/\/www.thewebgermany.de\/wordpress\/wp-json\/wp\/v2\/pages\/3502\/revisions\/4855"}],"wp:featuredmedia":[{"embeddable":true,"href":"https:\/\/www.thewebgermany.de\/wordpress\/wp-json\/wp\/v2\/media\/3528"}],"wp:attachment":[{"href":"https:\/\/www.thewebgermany.de\/wordpress\/wp-json\/wp\/v2\/media?parent=3502"}],"curies":[{"name":"wp","href":"https:\/\/api.w.org\/{rel}","templated":true}]}}