{"id":3627,"date":"2020-08-12T19:38:33","date_gmt":"2020-08-12T18:38:33","guid":{"rendered":"https:\/\/www.thewebgermany.de\/wordpress\/?page_id=3627"},"modified":"2022-08-05T23:13:08","modified_gmt":"2022-08-05T22:13:08","slug":"couch-convention-2020","status":"publish","type":"page","link":"https:\/\/www.thewebgermany.de\/wordpress\/couch-convention-2020\/","title":{"rendered":"Couch Convention 2020"},"content":{"rendered":"\n<h3><span style=\"color: #800000;\">07.09.2020<\/span><\/h3>\n<p><img loading=\"lazy\" decoding=\"async\" class=\"alignnone wp-image-3877 size-full\" src=\"https:\/\/www.thewebgermany.de\/wordpress\/wp-content\/uploads\/2020\/09\/cc20_ending.jpg\" alt=\"CC20 Fin\" width=\"960\" height=\"851\" srcset=\"https:\/\/www.thewebgermany.de\/wordpress\/wp-content\/uploads\/2020\/09\/cc20_ending.jpg 960w, https:\/\/www.thewebgermany.de\/wordpress\/wp-content\/uploads\/2020\/09\/cc20_ending-300x266.jpg 300w, https:\/\/www.thewebgermany.de\/wordpress\/wp-content\/uploads\/2020\/09\/cc20_ending-768x681.jpg 768w\" sizes=\"auto, (max-width: 960px) 100vw, 960px\" \/><\/p>\n<h3>\u00a0<\/h3>\n<p><strong>Die CouchConvention 2020 ist beendet.<\/strong><\/p>\n<p>Weitere Infos gibt es hier:<br \/><a href=\"https:\/\/www.couchconvention.com\" target=\"_blank\" rel=\"noopener noreferrer\">https:\/\/www.couchconvention.com<\/a><\/p>\n<p>\u00a0<\/p>\n\n\n\n\n\n<hr \/>\n<h2><span style=\"color: #800000;\">09.07.2020<\/span><\/h2>\n<p><span style=\"font-size: inherit;\">Am <\/span><strong style=\"font-size: inherit;\">4., 5. und 6. September 2020 <\/strong><span style=\"font-size: inherit;\">l\u00e4dt euch Marillion zur \u2013 hoffentlich einzigen \u2013 <\/span><em style=\"font-size: inherit;\">Couch Convention <\/em><span style=\"font-size: inherit;\">ein. Tragt Euch diese Termine schonmal in Euren Kalender ein und nehmt Euch an diesem Wochenende nichts weiteres vor!<\/span><\/p>\n<p>Abends wird jeweils ein Konzertfilm \u00fcber den bandeigenen Youtube-Kanal gestreamt. Hierzu sind alle Marillion-Fans weltweit eingeladen. Zeitgleich wird die komplette Band live dabei sein und mit allen Fans gemeinsam die Konzerte genie\u00dfen.<\/p>\n<p><img loading=\"lazy\" decoding=\"async\" class=\"alignnone size-full wp-image-3582\" src=\"https:\/\/www.thewebgermany.de\/wordpress\/wp-content\/uploads\/2020\/07\/CouchConvention1b.png\" alt=\"\" width=\"557\" height=\"263\" srcset=\"https:\/\/www.thewebgermany.de\/wordpress\/wp-content\/uploads\/2020\/07\/CouchConvention1b.png 557w, https:\/\/www.thewebgermany.de\/wordpress\/wp-content\/uploads\/2020\/07\/CouchConvention1b-300x142.png 300w\" sizes=\"auto, (max-width: 557px) 100vw, 557px\" \/><\/p>\n<p>Weiterhin wird es die liebgewonnenen \u201eWeekend-Zutaten\u201c, wie Quizze, Instagram Chats, Questions &amp; Answers auf Twitter, \u201eAftershow Parties\u201c und noch einiges mehr geben. Wie das alles von statten gehen soll? Lassen wir uns \u00fcberraschen. Die Vorbereitungen bei Marillion \u2013 und bei den Fanclubs \u2013 laufen bereits hinter den Kulissen auf Hochtouren.<\/p>\n<p>Damit ihr auf dem Laufenden bleiben k\u00f6nnt, hat Marillion eine eigene Webseite erstellt:<br \/><a class=\"md-opjjpmhoiojifppkkcdabiobhakljdgm_doc\" href=\"http:\/\/www.couchconvention.com\" target=\"_blank\" rel=\"noreferrer noopener\">www.couchconvention.com<\/a><\/p>\n<p>Selbstverst\u00e4ndlich werden wir Euch auch \u00fcber unsere TWG-Kan\u00e4le (facebook, Twitter, Homepage und Newsletter) zeitnah informieren.<\/p>\n<p>Haltet die Ohren gespitzt. Wir sind ebenfalls sehr gespannt, wie diese \u201eCouchConvention\u201c ablaufen wird.<\/p>\n","protected":false},"excerpt":{"rendered":"<p>07.09.2020 \u00a0 Die CouchConvention 2020 ist beendet. Weitere Infos gibt es hier:https:\/\/www.couchconvention.com \u00a0 09.07.2020 Am 4., 5. und 6. September 2020 l\u00e4dt euch Marillion zur \u2013 hoffentlich einzigen \u2013 Couch [&hellip;]<\/p>\n","protected":false},"author":2,"featured_media":3574,"parent":0,"menu_order":0,"comment_status":"closed","ping_status":"closed","template":"","meta":{"footnotes":""},"class_list":["post-3627","page","type-page","status-publish","has-post-thumbnail","hentry"],"_links":{"self":[{"href":"https:\/\/www.thewebgermany.de\/wordpress\/wp-json\/wp\/v2\/pages\/3627","targetHints":{"allow":["GET"]}}],"collection":[{"href":"https:\/\/www.thewebgermany.de\/wordpress\/wp-json\/wp\/v2\/pages"}],"about":[{"href":"https:\/\/www.thewebgermany.de\/wordpress\/wp-json\/wp\/v2\/types\/page"}],"author":[{"embeddable":true,"href":"https:\/\/www.thewebgermany.de\/wordpress\/wp-json\/wp\/v2\/users\/2"}],"replies":[{"embeddable":true,"href":"https:\/\/www.thewebgermany.de\/wordpress\/wp-json\/wp\/v2\/comments?post=3627"}],"version-history":[{"count":51,"href":"https:\/\/www.thewebgermany.de\/wordpress\/wp-json\/wp\/v2\/pages\/3627\/revisions"}],"predecessor-version":[{"id":4856,"href":"https:\/\/www.thewebgermany.de\/wordpress\/wp-json\/wp\/v2\/pages\/3627\/revisions\/4856"}],"wp:featuredmedia":[{"embeddable":true,"href":"https:\/\/www.thewebgermany.de\/wordpress\/wp-json\/wp\/v2\/media\/3574"}],"wp:attachment":[{"href":"https:\/\/www.thewebgermany.de\/wordpress\/wp-json\/wp\/v2\/media?parent=3627"}],"curies":[{"name":"wp","href":"https:\/\/api.w.org\/{rel}","templated":true}]}}