{"id":439,"date":"2013-11-16T16:09:50","date_gmt":"2013-11-16T15:09:50","guid":{"rendered":"http:\/\/www.thewebgermany.de\/wordpress\/?page_id=439"},"modified":"2022-10-06T20:01:06","modified_gmt":"2022-10-06T19:01:06","slug":"mitgliederbereich","status":"publish","type":"page","link":"https:\/\/www.thewebgermany.de\/wordpress\/mitgliederbereich\/","title":{"rendered":"Mitgliederbereich"},"content":{"rendered":"<p>F\u00fcr unsere Mitglieder steht ein eigener Mitgliederbereich mit zus\u00e4tzlichen Inhalten zur Verf\u00fcgung.<\/p>\n<p>Mitglieder k\u00f6nnen unseren Newsletter bestellen, in dem sie das entsprechende Registrierungsformular online ausf\u00fcllen sowie auf alle bisherigen Newsletter zugreifen.<\/p>\n<p><strong>Die Login-Daten stehen im aktuellen <em>Made Again <\/em>auf der hinteren inneren Umschlagseite.<\/strong><br \/>\nBei der Eingabe ist auf die korrekte Gro\u00df- und Kleinschreibung zu achten.<\/p>\n<p><a title=\"TWG-Bereich f\u00fcr Mitglieder\" href=\"https:\/\/www.thewebgermany.de\/anoraksonly\" target=\"_blank\" rel=\"noopener noreferrer\">Im Mitgliederbereich anmelden<\/a><\/p>\n","protected":false},"excerpt":{"rendered":"<p>F\u00fcr unsere Mitglieder steht ein eigener Mitgliederbereich mit zus\u00e4tzlichen Inhalten zur Verf\u00fcgung. Mitglieder k\u00f6nnen unseren Newsletter bestellen, in dem sie das entsprechende Registrierungsformular online ausf\u00fcllen sowie auf alle bisherigen Newsletter [&hellip;]<\/p>\n","protected":false},"author":2,"featured_media":0,"parent":0,"menu_order":0,"comment_status":"closed","ping_status":"closed","template":"","meta":{"footnotes":""},"class_list":["post-439","page","type-page","status-publish","hentry"],"_links":{"self":[{"href":"https:\/\/www.thewebgermany.de\/wordpress\/wp-json\/wp\/v2\/pages\/439","targetHints":{"allow":["GET"]}}],"collection":[{"href":"https:\/\/www.thewebgermany.de\/wordpress\/wp-json\/wp\/v2\/pages"}],"about":[{"href":"https:\/\/www.thewebgermany.de\/wordpress\/wp-json\/wp\/v2\/types\/page"}],"author":[{"embeddable":true,"href":"https:\/\/www.thewebgermany.de\/wordpress\/wp-json\/wp\/v2\/users\/2"}],"replies":[{"embeddable":true,"href":"https:\/\/www.thewebgermany.de\/wordpress\/wp-json\/wp\/v2\/comments?post=439"}],"version-history":[{"count":12,"href":"https:\/\/www.thewebgermany.de\/wordpress\/wp-json\/wp\/v2\/pages\/439\/revisions"}],"predecessor-version":[{"id":5028,"href":"https:\/\/www.thewebgermany.de\/wordpress\/wp-json\/wp\/v2\/pages\/439\/revisions\/5028"}],"wp:attachment":[{"href":"https:\/\/www.thewebgermany.de\/wordpress\/wp-json\/wp\/v2\/media?parent=439"}],"curies":[{"name":"wp","href":"https:\/\/api.w.org\/{rel}","templated":true}]}}