{"id":4840,"date":"2022-08-05T22:58:28","date_gmt":"2022-08-05T21:58:28","guid":{"rendered":"https:\/\/www.thewebgermany.de\/wordpress\/?page_id=4840"},"modified":"2024-05-03T15:33:53","modified_gmt":"2024-05-03T14:33:53","slug":"weekend-deutschland-2023","status":"publish","type":"page","link":"https:\/\/www.thewebgermany.de\/wordpress\/weekend-deutschland-2023\/","title":{"rendered":"Deutschland 2023"},"content":{"rendered":"<p>&nbsp;<\/p>\n<p><a href=\"https:\/\/www.thewebgermany.de\/wordpress\/wp-content\/uploads\/2022\/11\/weekend2023D.jpeg\"><img loading=\"lazy\" decoding=\"async\" class=\"alignnone size-full wp-image-5050\" src=\"https:\/\/www.thewebgermany.de\/wordpress\/wp-content\/uploads\/2022\/11\/weekend2023D.jpeg\" alt=\"\" width=\"500\" height=\"261\" srcset=\"https:\/\/www.thewebgermany.de\/wordpress\/wp-content\/uploads\/2022\/11\/weekend2023D.jpeg 500w, https:\/\/www.thewebgermany.de\/wordpress\/wp-content\/uploads\/2022\/11\/weekend2023D-300x157.jpeg 300w, https:\/\/www.thewebgermany.de\/wordpress\/wp-content\/uploads\/2022\/11\/weekend2023D-230x120.jpeg 230w, https:\/\/www.thewebgermany.de\/wordpress\/wp-content\/uploads\/2022\/11\/weekend2023D-350x183.jpeg 350w, https:\/\/www.thewebgermany.de\/wordpress\/wp-content\/uploads\/2022\/11\/weekend2023D-480x251.jpeg 480w\" sizes=\"auto, (max-width: 500px) 100vw, 500px\" \/><\/a><\/p>\n<p>&nbsp;<\/p>\n<hr \/>\n<p><span style=\"color: #008080;\"><strong>03.04.2023<a id=\"A-2023-04-03-2\"><\/a><\/strong><\/span><\/p>\n<hr \/>\n<p><span style=\"font-family: georgia, palatino, serif; font-size: 16px;\">Informationen zum <strong><span style=\"color: #660033;\">TWG-Fan-Event<\/span>,<\/strong> der sogenannten <strong><span style=\"color: #660033;\">PRESHOW<\/span><\/strong>\u00a0am Donnerstag, dem 22. Juni.<\/span><\/p>\n<p><span style=\"font-family: georgia, palatino, serif; font-size: 16px;\">Unsere Vorbereitungen befinden sich auf der Zielgeraden, so dass wir Euch nun endlich auch Informationen zu diesem Event mitteilen k\u00f6nnen.<\/span><\/p>\n<p><span style=\"font-family: georgia, palatino, serif; font-size: 16px;\">Wir planen ein tolles, kleines Festival in der Kleinen Arena im Tempodrom mit diesem Lineup:<\/span><\/p>\n<ul>\n<li><span style=\"font-family: georgia, palatino, serif; font-size: 16px;\">t (Thomas Thielen &amp; Band)<\/span><\/li>\n<li><span style=\"font-family: georgia, palatino, serif; font-size: 16px;\">Rothery &amp; Quaeschning (Steve Rothery (Marillion) &amp; Thorsten Quaeschning (Tangerine Dream))<\/span><\/li>\n<li><span style=\"font-family: georgia, palatino, serif; font-size: 16px;\">Mercy Street &#8211; A tribute to Peter Gabriel<\/span><\/li>\n<\/ul>\n<figure id=\"attachment_5125\" aria-describedby=\"caption-attachment-5125\" style=\"width: 456px\" class=\"wp-caption alignnone\"><a href=\"https:\/\/www.thewebgermany.de\/wordpress\/wp-content\/uploads\/2023\/04\/preshow-ticket.png\"><img loading=\"lazy\" decoding=\"async\" class=\"size-full wp-image-5125\" src=\"https:\/\/www.thewebgermany.de\/wordpress\/wp-content\/uploads\/2023\/04\/preshow-ticket.png\" alt=\"PreShow-Ticket Berlin\" width=\"456\" height=\"912\" srcset=\"https:\/\/www.thewebgermany.de\/wordpress\/wp-content\/uploads\/2023\/04\/preshow-ticket.png 456w, https:\/\/www.thewebgermany.de\/wordpress\/wp-content\/uploads\/2023\/04\/preshow-ticket-150x300.png 150w, https:\/\/www.thewebgermany.de\/wordpress\/wp-content\/uploads\/2023\/04\/preshow-ticket-230x460.png 230w, https:\/\/www.thewebgermany.de\/wordpress\/wp-content\/uploads\/2023\/04\/preshow-ticket-350x700.png 350w\" sizes=\"auto, (max-width: 456px) 100vw, 456px\" \/><\/a><figcaption id=\"caption-attachment-5125\" class=\"wp-caption-text\"><em><span style=\"font-size: 12px;\">PreShow-Ticket Berlin<\/span><\/em><\/figcaption><\/figure>\n<p><span style=\"font-family: georgia, palatino, serif; font-size: 16px;\">Bitte beachtet unbedingt <u>diese Hinweise<\/u>:<\/span><\/p>\n<p><span style=\"font-size: 16px; font-family: georgia, palatino, serif;\"><strong>Erste Verkaufsrunde: <\/strong><em>(06.04. &#8211; 01.05.2023)<\/em><\/span><\/p>\n<ul>\n<li><span style=\"font-size: 16px; font-family: georgia, palatino, serif;\"><strong><span style=\"color: #993300;\">Exklusiver Vorverkauf f\u00fcr TWG-Mitglieder!<\/span><\/strong><\/span><\/li>\n<li><span style=\"font-family: georgia, palatino, serif; font-size: 16px;\">Der Verkauf erfolgt ausschlie\u00dflich an <strong>aktuelle<\/strong> TWG-Mitglieder! Die Angabe Eurer TWG-Mitgliedsnummer im Verlauf des\u00a0Kaufvorgangs im Online-Shop ist Pflicht.<\/span><\/li>\n<li><span style=\"font-family: georgia, palatino, serif; font-size: 16px;\">Jeder K\u00e4ufer\/jede K\u00e4uferin kann nur <strong>ein<\/strong> einziges Ticket kaufen! Sofern man von seinem Partner\/seiner Partnerin begleitet werden m\u00f6chte, muss diese\/r zum\u00a0Zeitpunkt des Kaufs ebenfalls TWG-Mitglied sein.<\/span><\/li>\n<li><span style=\"font-family: georgia, palatino, serif; font-size: 16px;\">Der\u00a0erm\u00e4\u00dfigte PreShow-Ticketpreis betr\u00e4gt 35,- Euro.<\/span><\/li>\n<li><span style=\"font-size: 16px; font-family: georgia, palatino, serif;\">Die PreShow-Tickets werden ab Donnerstag, dem 06.04.2023 um 10.00 Uhr bis zum 01.05.2023 in unserem <a title=\"TWG-Shop\" href=\"https:\/\/shop.thewebgermany.de\/\" target=\"_blank\" rel=\"noopener\">TWG-Shop<\/a>\u00a0erh\u00e4ltlich sein.<\/span><\/li>\n<\/ul>\n<p><span style=\"font-size: 16px;\"><strong><span style=\"font-family: Calibri;\">Zweite Verkaufsrunde: <\/span><\/strong><em><span style=\"font-family: Calibri;\">(02.05.2023 &#8211; tbd.)<\/span><\/em><\/span><\/p>\n<ul>\n<li><span style=\"font-family: georgia, palatino, serif; font-size: 16px;\">Freier PreShow-Ticket-Verkauf an an alle Interessierten.<\/span><\/li>\n<li><span style=\"font-family: georgia, palatino, serif; font-size: 16px;\">Es gibt keine Bindung an eine TWG-Mitgliedschaft.<\/span><\/li>\n<li><span style=\"font-family: georgia, palatino, serif; font-size: 16px;\">Die Ticketanzahl pro Kaufvorgang ist nicht eingeschr\u00e4nkt.<\/span><\/li>\n<li><span style=\"font-family: georgia, palatino, serif; font-size: 16px;\">Der regul\u00e4re PreShow-Ticketpreis betr\u00e4gt 55,- Euro.<\/span><\/li>\n<li><span style=\"font-family: georgia, palatino, serif; font-size: 16px;\">Die PreShow-Tickets werden ab Dienstag, dem\u00a002.05.2023 um 20:00 Uhr in unserem <a title=\"TWG-Shop\" href=\"https:\/\/shop.thewebgermany.de\/\" target=\"_blank\" rel=\"noopener\">TWG-Shop<\/a> erh\u00e4ltlich sein.<\/span><\/li>\n<\/ul>\n<p>&nbsp;<\/p>\n<table style=\"border-collapse: collapse; width: 100%;\">\n<tbody>\n<tr>\n<td style=\"width: 100%; border-color: #d42a2a; background-color: #fabebe; border-style: double;\">&nbsp;<\/p>\n<p>&#8222;Aus gegebener Veranlassung&#8220; weisen wir darauf hin, dass <strong>mit diesem Ticket kein Zutritt zu den Marillion-Konzerten<\/strong> m\u00f6glich ist!<\/p>\n<p>Tickets f\u00fcr das Marillion-Weekend gibt es beispielsweise <a href=\"https:\/\/www.eventim.de\/event\/marillion-weekend-germany-2023-tempodrom-16074168\/?affiliate=EYA\" target=\"_blank\" rel=\"noopener\">hier bei eventim<\/a>.<\/td>\n<\/tr>\n<\/tbody>\n<\/table>\n<p>&nbsp;<\/p>\n<p>&nbsp;<\/p>\n<p>&nbsp;<\/p>\n<hr \/>\n<p><span style=\"color: #008080;\"><strong>03.04.2023<a id=\"A-2023-04-03-1\"><\/a><\/strong><\/span><\/p>\n<hr \/>\n<p><span style=\"font-family: Calibri; font-size: 16px;\">F\u00fcr das Berlin-Weekend bieten wir ein hochexklusives, personalisiertes (mit Eurem Namen versehenes) und limitiertes TWG-Shirt an.<\/span><\/p>\n<figure id=\"attachment_5127\" aria-describedby=\"caption-attachment-5127\" style=\"width: 500px\" class=\"wp-caption alignnone\"><a href=\"https:\/\/www.thewebgermany.de\/wordpress\/wp-content\/uploads\/2023\/04\/tshirt_berlinweekend_500.png\"><img loading=\"lazy\" decoding=\"async\" class=\"size-full wp-image-5127\" src=\"https:\/\/www.thewebgermany.de\/wordpress\/wp-content\/uploads\/2023\/04\/tshirt_berlinweekend_500.png\" alt=\"Berlin-Weekend-2023-Shirt\" width=\"500\" height=\"428\" srcset=\"https:\/\/www.thewebgermany.de\/wordpress\/wp-content\/uploads\/2023\/04\/tshirt_berlinweekend_500.png 500w, https:\/\/www.thewebgermany.de\/wordpress\/wp-content\/uploads\/2023\/04\/tshirt_berlinweekend_500-300x257.png 300w, https:\/\/www.thewebgermany.de\/wordpress\/wp-content\/uploads\/2023\/04\/tshirt_berlinweekend_500-230x197.png 230w, https:\/\/www.thewebgermany.de\/wordpress\/wp-content\/uploads\/2023\/04\/tshirt_berlinweekend_500-350x300.png 350w, https:\/\/www.thewebgermany.de\/wordpress\/wp-content\/uploads\/2023\/04\/tshirt_berlinweekend_500-480x411.png 480w\" sizes=\"auto, (max-width: 500px) 100vw, 500px\" \/><\/a><figcaption id=\"caption-attachment-5127\" class=\"wp-caption-text\">Berlin-Weekend-2023-Shirt<\/figcaption><\/figure>\n<p><span style=\"font-family: Calibri; font-size: medium;\">Eine vergr\u00f6\u00dferte Ansicht k\u00f6nnt ihr euch hier anschauen (PDF, 1,4 MB):<br \/>\n<a title=\"berlin-Weekend-Shirt\" href=\"https:\/\/www.thewebgermany.de\/2023\/berlinweekend\/tshirt_layout_front_back%20.pdf\" target=\"_blank\" rel=\"noopener\">Berlin-Weekend-T-Shirt Online<\/a><\/span><\/p>\n<p><span style=\"font-family: georgia, palatino, serif;\">Wir finden, dass uns das Layout gut gelungen ist \ud83d\ude42<\/span><\/p>\n<p><span style=\"font-family: georgia, palatino, serif; font-size: medium;\">Da es sich um ein limitiertes Exemplar\u00a0mit Eurem Namen handelt und sicherlich immer wieder sch\u00f6ne Erinnerungen an DIE deutsche Convention 2023 hervorruft, werdet Ihr es bestimmt nicht mehr hergeben. <\/span><\/p>\n<p><span style=\"font-family: georgia, palatino, serif; font-size: medium;\">Da greift der Titel \u201eI won\u2019t sell this T-Shirt\u201c in Anlehnung an die Textzeile in Sierra Leone \u201eI won&#8217;t sell this diamond\u201c \ud83d\ude09<\/span><\/p>\n<p><span style=\"font-family: georgia, palatino, serif; font-size: medium;\">Auf der Vorderseite ist die Location \u201eTempodrom\u201c mit ihrer tollen Dacharchitektur unverkennbar abgebildet. Dass es sich um ein TWG-Shirt handelt, ist sowohl auf der Vorderseite als auch auf der R\u00fcckseite des Shirts erkennbar. Beide Seiten harmonieren auch in der Farbgebung. <\/span><\/p>\n<p><span style=\"font-family: georgia, palatino, serif; font-size: medium;\">Die Symbolik auf der R\u00fcckseite soll die aktuell leider immer noch turbulenten Zeiten widerspiegeln, und so findet sich der bereits auf der Vorderseite pr\u00e4gnante Gaza-Junge auf der R\u00fcckseite im Brandenburger Tor mit einer \u00fcber dem Tor dezent platzierten Friedenstaube wieder.<\/span><\/p>\n<p><span style=\"font-family: georgia, palatino, serif; font-size: medium;\">Bestellen k\u00f6nnt ihr wie folgt:<\/span><\/p>\n<p><span style=\"font-family: georgia, palatino, serif; font-size: medium;\">Sendet uns eine E-Mail an <a href=\"mailto:conventionshirt@thewebgermany.de\">conventionshirt@thewebgermany.de<\/a> mit den folgenden Angaben:<br \/>\n&#8211; Anzahl<br \/>\n&#8211; Gr\u00f6\u00dfe (Sondergr\u00f6\u00dfen ab 4XL gegen Aufpreis m\u00f6glich)<br \/>\n&#8211; Schnitt (m\u00e4nnlich\/weiblich)<br \/>\n&#8211; Name und Anschrift des Bestellenden + Mitgliedsnummer<br \/>\n&#8211; Name(n), wie er\/sie auf dem Shirt erscheinen soll(en).<\/span><\/p>\n<p><span style=\"color: #660033; font-family: georgia, palatino, serif; font-size: medium;\"><strong>DEADLINE f\u00fcr die Bestellung ist der 01.05.2023!!!<\/strong><\/span><\/p>\n<p><span style=\"font-family: georgia, palatino, serif; font-size: 16px;\">Hinweis: Es gibt keine separate Best\u00e4tigung der Bestellung per Mail!<\/span><\/p>\n<p><span style=\"font-family: georgia, palatino, serif; font-size: 16px;\"><strong>Kosten: 25\u20ac pro Shirt.<\/strong> <\/span><\/p>\n<p><span style=\"font-family: georgia, palatino, serif; font-size: 16px;\"><strong>Abholung wie immer vor Ort, diesmal im Tempodrom;<\/strong> <strong>Ort und Uhrzeit werden noch bekannt gegeben<\/strong>. <\/span><\/p>\n<p><span style=\"font-family: georgia, palatino, serif; font-size: 16px;\">Ein Versand des Shirts wird gegen entsprechendes Porto m\u00f6glich sein, aber erst nach dem Berlin-Weekend erfolgen (Anfang\/Mitte Juli 2023).<\/span><\/p>\n<p><span style=\"font-family: georgia, palatino, serif; font-size: 16px;\">Bitte nehmt die Bezahlung umgehend nach Eurer Bestellung vor. <\/span><\/p>\n<p><span style=\"font-family: georgia, palatino, serif; font-size: 16px;\">Unsere Kontoverbindung lautet:<\/span><\/p>\n<p><span style=\"font-family: georgia, palatino, serif; font-size: 16px;\">The Web Germany e.V.<br \/>\nIBAN DE55 3705 0198 0000 0334 72<br \/>\nSparkasse K\u00f6lnBonn<br \/>\nVerwendungszweck: Conventionshirt BERLIN + Name des\/der Bestellenden <\/span><\/p>\n<p><span style=\"font-family: georgia, palatino, serif; font-size: 16px;\">Weder wird es vor Ort freie Shirts zum Verkauf noch die M\u00f6glichkeit zur Nachbestellung geben.<\/span><\/p>\n<p><span style=\"font-family: georgia, palatino, serif; font-size: 16px;\">Eventuelle\u00a0R\u00fcckfragen k\u00f6nnt Ihr ebenso an <a href=\"mailto:conventionshirt@thewebgermany.de\">conventionshirt@thewebgermany.de<\/a> richten.<\/span><\/p>\n<p>&nbsp;<\/p>\n<hr \/>\n<p><span style=\"color: #008080;\"><strong>13.11.2022<\/strong><\/span><\/p>\n<hr \/>\n<p><span style=\"color: #008080;\"><strong>Informationen der offiziellen Weekend Webseite:<\/strong><\/span> <a href=\"http:\/\/marillionweekend.com\/Germany\/Germany.htm\" target=\"_blank\" rel=\"noopener\">http:\/\/marillionweekend.com\/Germany\/Germany.htm<\/a><\/p>\n<p><strong>Allgemeines:<\/strong><br \/>\nDie beiden Konzertabende werden unterschiedliche Setlists haben. Marillion plant keine eigenen Aktivit\u00e4ten rund um das Weekend und wird auch keine Unterk\u00fcnfte oder \u00e4hnliches zur Verf\u00fcgung stellen bzw. koordinieren. Ebenso ist bislang keine Autogrammstunde geplant; es kann jedoch gut m\u00f6glich sein, dass sich die Band nach den Konzerten unter die Fans mischt, sofern es die Zeit erlaubt.<\/p>\n<p><strong>Venue:<br \/>\n<\/strong>Tempodrom, M\u00f6ckernstra\u00dfe 10, 10963 Berlin (Kreuzberg)<br \/>\nWebseite: <a href=\"https:\/\/www.tempodrom.de\/\" target=\"_blank\" rel=\"noopener\">https:\/\/www.tempodrom.de\/<\/a><br \/>\nEinlass: 18.30 Uhr<br \/>\nSupport Bands auf der B\u00fchne: 19.30 Uhr<br \/>\nMarillion auf der B\u00fchne: 20.45 Uhr<\/p>\n<p><strong>Support Bands:<\/strong><br \/>\nFreitag: Lifesigns<br \/>\nSamstag: Eine Audience bei Marillion<\/p>\n<p><strong>Buchungsdetails:<br \/>\n<\/strong>Ticketpreise f\u00fcr beide Veranstaltungen:<br \/>\nKategorie 1: 142 Euro<br \/>\nKategorie 2: 125 Euro<br \/>\nKategorie 3: 110 Euro<br \/>\nzuz\u00fcglich einer Buchungsgeb\u00fchr.<\/p>\n<p><a href=\"https:\/\/www.eventim.de\/artist\/marillion\/\" target=\"_blank\" rel=\"noopener\">https:\/\/www.eventim.de\/artist\/marillion\/<\/a><\/p>\n<p>Besucherinnen und Besucher, die auf einen Rollstuhl angewiesen sind oder sonstige Unterst\u00fctzung ben\u00f6tigen, wenden sich bitte per E-Mail an: ticketshop@mfpconcerts.com<\/p>\n<p>W\u00e4hrend des Weekends ist ein Armband (&#8222;Wristband&#8220;) zu tragen, das beim Betreten der Halle ausgegeben wird.<\/p>\n<p><strong>Weekend-Facebook-Seite:<\/strong><br \/>\n<a href=\"https:\/\/www.facebook.com\/groups\/469852538223021\" target=\"_blank\" rel=\"noopener\">https:\/\/www.facebook.com\/groups\/469852538223021<\/a><br \/>\nEin einmaliger Beitritt zur Gruppe ist erforderlich.<\/p>\n<p><strong>Kinder:<\/strong><br \/>\nKinder unter sechs Jahren erhalten keinen Zutritt zu den Konzerten. Kinder zwischen sechs und 14 Jahren d\u00fcrfen in Begleitung ihrer Eltern \/ Erziehungsberechtigten an den Konzerten teilnehmen. Es wird allerdings darum gebeten, die F\u00e4higkeit der Kinder einzusch\u00e4tzen und abzuw\u00e4gen, ob sie an solchen Konzerten teilnehmen sollten. Wir m\u00f6chten, dass alle Konzertbesucher das Weekend genie\u00dfen k\u00f6nnen und nicht durch st\u00f6rendes Verhalten, laute bzw. schreiende Kinder bel\u00e4stigt werden.<\/p>\n<p><span style=\"font-size: 12px; color: #008080;\"><em>Letzte Aktualisierung dieses Eintrags: 13.11.2022<\/em><\/span><\/p>\n<p>&nbsp;<\/p>\n<hr \/>\n<p><span style=\"color: #008080;\"><strong>03.11.2022<\/strong><\/span><\/p>\n<hr \/>\n<p>Tickets \u00fcber eventim Deutschland:\u00a0<a href=\"https:\/\/www.eventim.de\/artist\/marillion\/\" target=\"_blank\" rel=\"noopener\">https:\/\/www.eventim.de\/artist\/marillion\/<\/a><\/p>\n<p>&nbsp;<\/p>\n<hr \/>\n<p><span style=\"color: #008080;\"><strong>28.10.2022<\/strong><\/span><\/p>\n<hr \/>\n<p>Das erste Marillion Weekend in Deutschland findet am 23. und 24. Juni 2023 in Berlin im <a title=\"Tempodrom\" href=\"https:\/\/www.tempodrom.de\/\" target=\"_blank\" rel=\"noopener\">Tempodrom<\/a> statt.<\/p>\n<p>Der Vorverkauf beginnt am 3. November um 10.00 Uhr.<br \/>\n\u00dcber die <a title=\"Weekends\" href=\"https:\/\/marillionweekend.com\/\" target=\"_blank\" rel=\"noopener\">Marillion-Weekend-Seite<\/a> wird es den Link und auch weitere Details geben.<\/p>\n<p>Drei Preiskategorien f\u00fcr das komplett bestuhlte Event sind geplant (leider haben wir noch keine weiteren Infos \u00fcber die Preise selbst). Es besteht laut Lucy auch die M\u00f6glichkeit, die Tickets bei den anstehenden f\u00fcnf Deutschland-Shows zu erwerben. Ob am Merchandise oder an den jeweiligen Abendkassen wissen wir nicht, sollte sich aber vor Ort leicht kl\u00e4ren lassen.<\/p>\n","protected":false},"excerpt":{"rendered":"<p>&nbsp; &nbsp; 03.04.2023 Informationen zum TWG-Fan-Event, der sogenannten PRESHOW\u00a0am Donnerstag, dem 22. Juni. Unsere Vorbereitungen befinden sich auf der Zielgeraden, so dass wir Euch nun endlich auch Informationen zu diesem [&hellip;]<\/p>\n","protected":false},"author":2,"featured_media":0,"parent":0,"menu_order":0,"comment_status":"closed","ping_status":"closed","template":"","meta":{"footnotes":""},"class_list":["post-4840","page","type-page","status-publish","hentry"],"_links":{"self":[{"href":"https:\/\/www.thewebgermany.de\/wordpress\/wp-json\/wp\/v2\/pages\/4840","targetHints":{"allow":["GET"]}}],"collection":[{"href":"https:\/\/www.thewebgermany.de\/wordpress\/wp-json\/wp\/v2\/pages"}],"about":[{"href":"https:\/\/www.thewebgermany.de\/wordpress\/wp-json\/wp\/v2\/types\/page"}],"author":[{"embeddable":true,"href":"https:\/\/www.thewebgermany.de\/wordpress\/wp-json\/wp\/v2\/users\/2"}],"replies":[{"embeddable":true,"href":"https:\/\/www.thewebgermany.de\/wordpress\/wp-json\/wp\/v2\/comments?post=4840"}],"version-history":[{"count":27,"href":"https:\/\/www.thewebgermany.de\/wordpress\/wp-json\/wp\/v2\/pages\/4840\/revisions"}],"predecessor-version":[{"id":5399,"href":"https:\/\/www.thewebgermany.de\/wordpress\/wp-json\/wp\/v2\/pages\/4840\/revisions\/5399"}],"wp:attachment":[{"href":"https:\/\/www.thewebgermany.de\/wordpress\/wp-json\/wp\/v2\/media?parent=4840"}],"curies":[{"name":"wp","href":"https:\/\/api.w.org\/{rel}","templated":true}]}}