{"id":5014,"date":"2022-09-15T18:38:32","date_gmt":"2022-09-15T17:38:32","guid":{"rendered":"https:\/\/www.thewebgermany.de\/wordpress\/?page_id=5014"},"modified":"2025-03-31T19:21:17","modified_gmt":"2025-03-31T18:21:17","slug":"wir-ueber-uns","status":"publish","type":"page","link":"https:\/\/www.thewebgermany.de\/wordpress\/wir-ueber-uns\/","title":{"rendered":"Wir \u00fcber uns"},"content":{"rendered":"<p>Seit mehr als 25 Jahren ist <strong>The Web Germany<\/strong> Ansprechpartner, Informationsplattform und das verbindende Element f\u00fcr viele Musikbegeisterte in Sachen Marillion f\u00fcr den gesamten deutschsprachigen Raum.<\/p>\n<p><a href=\"https:\/\/www.thewebgermany.de\/wordpress\/wp-content\/uploads\/2025\/03\/20250331_Flyer_Front.jpg\"><img loading=\"lazy\" decoding=\"async\" class=\"alignnone  wp-image-5686\" src=\"https:\/\/www.thewebgermany.de\/wordpress\/wp-content\/uploads\/2025\/03\/20250331_Flyer_Front.jpg\" alt=\"\" width=\"539\" height=\"569\" srcset=\"https:\/\/www.thewebgermany.de\/wordpress\/wp-content\/uploads\/2025\/03\/20250331_Flyer_Front.jpg 677w, https:\/\/www.thewebgermany.de\/wordpress\/wp-content\/uploads\/2025\/03\/20250331_Flyer_Front-284x300.jpg 284w, https:\/\/www.thewebgermany.de\/wordpress\/wp-content\/uploads\/2025\/03\/20250331_Flyer_Front-230x243.jpg 230w, https:\/\/www.thewebgermany.de\/wordpress\/wp-content\/uploads\/2025\/03\/20250331_Flyer_Front-350x370.jpg 350w, https:\/\/www.thewebgermany.de\/wordpress\/wp-content\/uploads\/2025\/03\/20250331_Flyer_Front-480x507.jpg 480w\" sizes=\"auto, (max-width: 539px) 100vw, 539px\" \/><\/a><\/p>\n<p>&nbsp;<\/p>\n<p>Sicher nicht ohne Grund z\u00e4hlen wir mehr als 1.250 Mitglieder. Mit regelm\u00e4\u00dfig erscheinenden, farbigen Printpublikationen, unserem E-Mail-Newsletter sowie unserer Website www.thewebgermany.de halten wir Euch \u00fcber alle wichtigen Neuigkeiten und Entwicklungen bei Marillion auf dem Laufenden.<\/p>\n<p>In der Regel erhalten unsere Mitglieder dreimal j\u00e4hrlich das meist mehr als 60 Seiten starke Magazin\u00a0 <a href=\"https:\/\/www.thewebgermany.de\/wordpress\/magazine-made-again\/\" target=\"_blank\" rel=\"noopener\">Made Again<\/a>, gef\u00fcllt mit aktuellen und exklusiven Bandinterviews, Hintergrundinformationen, Text\u00fcbersetzungen, Konzertberichten, CD-Besprechungen, u.v.m. Auch andere Bands, die anspruchsvolle Rockmusik darbieten, stellen wir Euch darin von Zeit zu Zeit vor.<\/p>\n<p>Auf Wunsch senden wir unseren Mitgliedern unseren E-Mail-Newsletter (&#8222;eMAN&#8220;), der h\u00e4ufig eilige Infos enth\u00e4lt, die Euch auf dem Postweg gar nicht schnell genug erreichen w\u00fcrden.<\/p>\n<p>Nat\u00fcrlich sind wir auch in der virtuellen Welt vertreten und immer f\u00fcr Euch da! Auf dieser Website findet Ihr alles Wissenswerte \u00fcber die Band, die neuesten Termine, Tourdaten und noch einige besondere Leckerbissen im gesch\u00fctzten Mitgliederbereich, welcher, wie der Name schon sagt, nur unseren Mitgliedern zug\u00e4nglich ist.<\/p>\n<p><a href=\"https:\/\/www.thewebgermany.de\/wordpress\/wp-content\/uploads\/2025\/03\/20250331_Flyer_Back.jpg\"><img loading=\"lazy\" decoding=\"async\" class=\"alignnone  wp-image-5687\" src=\"https:\/\/www.thewebgermany.de\/wordpress\/wp-content\/uploads\/2025\/03\/20250331_Flyer_Back.jpg\" alt=\"\" width=\"585\" height=\"414\" srcset=\"https:\/\/www.thewebgermany.de\/wordpress\/wp-content\/uploads\/2025\/03\/20250331_Flyer_Back.jpg 1011w, https:\/\/www.thewebgermany.de\/wordpress\/wp-content\/uploads\/2025\/03\/20250331_Flyer_Back-300x212.jpg 300w, https:\/\/www.thewebgermany.de\/wordpress\/wp-content\/uploads\/2025\/03\/20250331_Flyer_Back-768x544.jpg 768w, https:\/\/www.thewebgermany.de\/wordpress\/wp-content\/uploads\/2025\/03\/20250331_Flyer_Back-1000x708.jpg 1000w, https:\/\/www.thewebgermany.de\/wordpress\/wp-content\/uploads\/2025\/03\/20250331_Flyer_Back-230x163.jpg 230w, https:\/\/www.thewebgermany.de\/wordpress\/wp-content\/uploads\/2025\/03\/20250331_Flyer_Back-350x248.jpg 350w, https:\/\/www.thewebgermany.de\/wordpress\/wp-content\/uploads\/2025\/03\/20250331_Flyer_Back-480x340.jpg 480w\" sizes=\"auto, (max-width: 585px) 100vw, 585px\" \/><\/a><\/p>\n<p>&nbsp;<\/p>\n<p>Besonderer Beliebtheit erfreut sich ebenfalls unser\u00a0 Online-Forum, ein wichtiger Treffpunkt aller deutschsprachigen Marillion-Fans. Hier wird nicht nur leidenschaftlich diskutiert und gefachsimpelt, nein, hier wurden auch schon viele Freundschaften geschlossen. Dar\u00fcber hinaus bieten wir auf unserer\u00a0 Facebook-Community eine zeitgem\u00e4\u00dfe Plattform f\u00fcr Fans aus aller Welt. Komplettiert wird unser Social Media Auftritte mit Instagram und Twitter.<\/p>\n<p>\u00dcberhaupt: So gro\u00df der Zuwachs auch ist, den The Web Germany in den letzten Jahren verzeichnen konnte, so sehr werdet Ihr \u00fcber die pers\u00f6nliche und famili\u00e4re Atmosph\u00e4re staunen, die bei TWG-Treffen und Veranstaltungen herrscht.<\/p>\n<p>Als Mitglied wirst Du n\u00e4mlich nicht nur mittels oben erw\u00e4hnter Publikationen informiert &#8211; TWG bietet noch viel mehr. So f\u00fchren wir regelm\u00e4\u00dfig eigene Konzertveranstaltungen mit Marillion oder einzelnen Bandmitgliedern durch, die in der Regel in eher kleinem Kreis stattfinden und an denen nur Mitglieder teilnehmen d\u00fcrfen.<\/p>\n<p>Solche Konzertabende sind vielen Mitgliedern schon als ganz besondere Erlebnisse in Erinnerung geblieben! Des weiteren f\u00fchren wir bei Bedarf Busreisen zu Konzerten im In- und Ausland durch, auf welchen schon etliche Freundschaften geschlossen wurden.<\/p>\n<p>The Web Germany bietet also zahlreiche M\u00f6glichkeiten, Kontakte mit gleichgesinnten Marillionbegeisterten zu kn\u00fcpfen und Konzerte und andere Events k\u00fcnftig gemeinsam zu erleben.<\/p>\n<p>Auch verlosen wir regelm\u00e4\u00dfig besondere &#8222;Bonbons&#8220; unter unseren Mitgliedern, und einige Gl\u00fcckliche durften schon bei einem Soundcheck dabei sein. Andere haben die Teilnahme an einer Albumpr\u00e4sentation oder Konzert-Backstagep\u00e4sse gewonnen!<\/p>\n<p>Schlie\u00dflich winkt jedem, der sich entschlie\u00dft, TWG beizutreten, noch ein besonderer Leckerbissen: Marillion verschenken jedes Jahr zu Weihnachten eine exklusive, anderweitig nicht erh\u00e4ltliche CD oder DVD an alle Mitglieder der weltweiten &#8222;The Web&#8220;-Fanclubs. Darauf befinden sich &#8211; neben einem kleinen Weihnachtsgru\u00df der Band &#8211; beispielsweise bisher unver\u00f6ffentlichte Songs oder Demo-Versionen oder sogar ganze Konzertmitschnitte!<\/p>\n<p>Warum also noch l\u00e4nger warten?<\/p>\n<p>Wir hei\u00dfen Dich gerne bei The Web Germany willkommen!<br \/>\n<a title=\"Mitglied werden\" href=\"http:\/\/www.thewebgermany.de\/wordpress\/mitglied-werden\/\" target=\"_blank\" rel=\"noopener noreferrer\">Ein\u00a0Klick<\/a> gen\u00fcgt.<\/p>\n<p><strong>Unsere Adresse:<\/strong><br \/>\nThe Web Germany e. V.<br \/>\nPostfach 51 10 10<br \/>\n50946 K\u00f6ln<\/p>\n","protected":false},"excerpt":{"rendered":"<p>Seit mehr als 25 Jahren ist The Web Germany Ansprechpartner, Informationsplattform und das verbindende Element f\u00fcr viele Musikbegeisterte in Sachen Marillion f\u00fcr den gesamten deutschsprachigen Raum. &nbsp; Sicher nicht ohne [&hellip;]<\/p>\n","protected":false},"author":2,"featured_media":0,"parent":0,"menu_order":0,"comment_status":"closed","ping_status":"closed","template":"","meta":{"footnotes":""},"class_list":["post-5014","page","type-page","status-publish","hentry"],"_links":{"self":[{"href":"https:\/\/www.thewebgermany.de\/wordpress\/wp-json\/wp\/v2\/pages\/5014","targetHints":{"allow":["GET"]}}],"collection":[{"href":"https:\/\/www.thewebgermany.de\/wordpress\/wp-json\/wp\/v2\/pages"}],"about":[{"href":"https:\/\/www.thewebgermany.de\/wordpress\/wp-json\/wp\/v2\/types\/page"}],"author":[{"embeddable":true,"href":"https:\/\/www.thewebgermany.de\/wordpress\/wp-json\/wp\/v2\/users\/2"}],"replies":[{"embeddable":true,"href":"https:\/\/www.thewebgermany.de\/wordpress\/wp-json\/wp\/v2\/comments?post=5014"}],"version-history":[{"count":5,"href":"https:\/\/www.thewebgermany.de\/wordpress\/wp-json\/wp\/v2\/pages\/5014\/revisions"}],"predecessor-version":[{"id":5688,"href":"https:\/\/www.thewebgermany.de\/wordpress\/wp-json\/wp\/v2\/pages\/5014\/revisions\/5688"}],"wp:attachment":[{"href":"https:\/\/www.thewebgermany.de\/wordpress\/wp-json\/wp\/v2\/media?parent=5014"}],"curies":[{"name":"wp","href":"https:\/\/api.w.org\/{rel}","templated":true}]}}