{"id":717,"date":"2014-01-03T09:01:41","date_gmt":"2014-01-03T08:01:41","guid":{"rendered":"http:\/\/www.thewebgermany.de\/wordpress\/?page_id=717"},"modified":"2020-02-08T22:16:55","modified_gmt":"2020-02-08T21:16:55","slug":"datenschutzerklaerung","status":"publish","type":"page","link":"https:\/\/www.thewebgermany.de\/wordpress\/datenschutzerklaerung\/","title":{"rendered":"Datenschutzerkl\u00e4rung"},"content":{"rendered":"<p><strong>Datenschutz<\/strong><\/p>\n<p>Die Datenschutzerkl\u00e4rung erl\u00e4utert die Erhebung, Verarbeitung und Nutzung personenbezogener Daten durch <em>The Web Germany e. V.<\/em> (im Folgenden auch &#8222;verarbeitende Stelle&#8220;) <em>auf<\/em> unserer oder <em>\u00fcber<\/em> unsere <strong>Webseite<\/strong>, unseren <strong>TWG-Online-Shop<\/strong>, den <strong>TWG-Newsletter<\/strong> sowie unser <strong>TWG-Online-Forum<\/strong>.<\/p>\n<p>Der Schutz Ihrer Privatsph\u00e4re ist f\u00fcr uns von gro\u00dfer Bedeutung. Deshalb ist es selbstverst\u00e4ndlich, dass wir die gesetzlichen Datenschutzbestimmungen einhalten und pers\u00f6nliche Daten streng vertraulich behandeln.<\/p>\n<p><strong>Anwendungsbereich<\/strong><\/p>\n<p>Ziel dieser Datenschutzerkl\u00e4rung ist es, Sie als Nutzer der Webseite, des TWG-Online-Shops, des TWG-Newsletters sowie unseres Online-Forums (im Folgenden auch &#8222;Nutzer&#8220;) \u00fcber Art, Zweck und Umfang der Datenerhebung sowie der Verwendung personenbezogener Daten durch <em>The Web Germany e. V., Postfach 51 10 10, 50946 K\u00f6ln<\/em>, zu informieren.<\/p>\n<p><strong>Verarbeitung aufgrund einer Einwilligung<\/strong><\/p>\n<p>Die Nutzung unserer <strong>Webseite <\/strong>ist ohne Angabe personenbezogener Daten m\u00f6glich. Soweit auf unseren Seiten personenbezogene Daten (beispielsweise Name, Anschrift oder eMail-Adressen) erhoben werden bzw. Sie uns Ihre pers\u00f6nlichen Daten auf anderem Wege (per E-Mail, per Post, usw.) zur Verf\u00fcgung stellen, erfolgt dies stets auf freiwilliger Basis. Soweit eine Einwilligung zur Verarbeitung von personenbezogenen Daten f\u00fcr bestimmte Zwecke erteilt wurde, ist die Rechtm\u00e4\u00dfigkeit dieser Verarbeitung auf Basis dieser Einwilligung gegeben.<\/p>\n<p>Die im Rahmen unserer <strong>Vereinsarbeit<\/strong> erhobenen personen-bezogenen bzw. personenbeziehbaren Daten (z. B. Daten aus Online-Formularen, Flyer, E-Mails) werden ausschlie\u00dflich zur Erledigung des Vereinsziels gem\u00e4\u00df unserer Vereinssatzung verwendet. Diese Daten werden ohne Ihre ausdr\u00fcckliche Zustimmung nicht an Dritte weitergegeben. S\u00e4mtliche Informationen werden in dem vereinseigenen EDV-System des Schriftf\u00fchrers\/Mitgliederverwalters\/Webmasters gespeichert. Jedem Vereinsmitglied wird dabei eine Mitgliedsnummer zugeordnet. Die personenbezogenen Daten werden durch geeignete technische und organisatorische Ma\u00dfnahmen vor der Kenntnisnahme Dritter gesch\u00fctzt. Eine Aufnahme in den Verein ohne die Verarbeitung der f\u00fcr die Mitgliederverwaltung im Sinne der Satzung erforderlichen Angaben ist nicht m\u00f6glich.<\/p>\n<p>Im <strong>Online-Forum<\/strong> besteht grunds\u00e4tzlich die M\u00f6glichkeit, weitere personenbezogene Daten, die \u00fcber die Angabe der Pflichtdaten zur Erstellung eines Forum-Accounts (E-Mail-Adresse, Benutzername, Passwort) hinausgehen, durch den Nutzer selbst zu pflegen (eingeben, \u00e4ndern, l\u00f6schen). Die Eingabe dieser von TWG e. V. nicht ben\u00f6tigten Daten erfolgen uneingeschr\u00e4nkt auf freiwilliger Basis sowie in eigener Verantwortung des Nutzers. Sie sind f\u00fcr ein Mitgliedskonto im TWG-Online-Forum nicht erforderlich.<br \/>\nWir weisen darauf hin, dass wir uns im Forum die K\u00fcrzung und\/oder L\u00f6schung von Texten vorbehalten, insbesondere bei ehrverletzenden, sexistischen, rassistischen und\/oder extremistischen Inhalten. Die Eintragungen, die ins Forum erfolgen, liegen nicht in unserem Verantwortungsbereich. F\u00fcr die Eintragungen sind die Benutzer jeweils selbst verantwortlich. Wir distanzieren uns ausdr\u00fccklich von den Inhalten, die Benutzer in eigener Verantwortung eintragen.<\/p>\n<p><strong>Zweck und Rechtsgrundlagen der Datenverarbeitung<br \/>\n<\/strong><br \/>\nWir verarbeiten Ihre personenbezogenen Daten unter Beachtung der EU-Datenschutz-Grundverordnung (DS-GVO), des Bundesdatenschutzgesetzes (BDSG) sowie aller weiteren ma\u00dfgeblichen Gesetze und Vorschriften.<\/p>\n<p><strong>Dauer der Datenspeicherung<br \/>\n<\/strong><br \/>\nDie erhobenen Daten werden\u00a0 gel\u00f6scht, wenn feststeht, dass sie f\u00fcr die Zwecke, f\u00fcr die sie erhoben wurden, nicht mehr ben\u00f6tigt werden, die betroffene Person ihre Einwilligung, auf die eine Verarbeitung gest\u00fctzt wurde, widerruft oder personenbezogene Daten unrechtm\u00e4\u00dfig verarbeitet wurden. Eine L\u00f6schung der entsprechenden Daten erfolgt beispielsweise, wenn keine Beitragspflicht mehr besteht (K\u00fcndigung, Ausschluss) oder aufgrund des Widerrufs eines erteilten SEPA-Lastschriftmandats.<\/p>\n<p>Sofern Daten lediglich noch zu den vorgenannten Zwecken aufbewahrt werden, ist der Zugriff auf diese Daten eingeschr\u00e4nkt,<br \/>\nd. h. sie stehen der Sachbearbeitung in der Regel nicht mehr zur Verf\u00fcgung (Sperrung). Die Daten sind nicht mehr ver\u00e4nderbar und dienen ausschlie\u00dflich einer zeitlich begrenzten Aufbewahrung sowie zur Abwicklung offener bzw. noch nicht abgeschlossener Korrespondenz.<\/p>\n<p>Die vom Kunden im <strong>TWG-Online-Shop<\/strong> mitgeteilten personenbezogenen Daten (<em>Name, Anschrift, E-Mail-Adresse, Lieferanschrift, Mitgliedsnummer<\/em>) werden zur Abwicklung der zwischen dem Kunden und TWG e. V. abgeschlossenen Vertr\u00e4ge verwendet, etwa zur Zustellung von Waren an die vom Kunden angegebene Lieferadresse. Nach Abschluss der Bestellung und Auslieferung der Ware werden die Kundendaten in unserem Shop-System gesperrt und zu einem sp\u00e4teren Zeitpunkt vollst\u00e4ndig gel\u00f6scht. Aus diesem Grund sind die erforderlichen Daten bei jedem Bestellvorgang vom Kunden erneut einzugeben. Es erfolgt kein Anlegen eines dauerhaften Kundenkontos (Registrierung).<\/p>\n<p><strong>Externe Dienstleister<br \/>\n<\/strong><br \/>\nWir bedienen uns zur Erf\u00fcllung unserer vertraglichen Pflichten folgender externer Dienstleister:<br \/>\nIm Rahmen der Bearbeitung der Mitgliedsbeitr\u00e4ge ziehen wir diese teilweise mittels eines uns vom Vereinsmitglied bereitgestellten SEPA-Madants \u00fcber die <em>Sparkasse K\u00f6lnBonn<\/em> ein. Weiterhin verwenden wir die Mitgliedsdaten zum Abgleich der Mitgliedsbeitr\u00e4ge beispielsweise im Mahnverfahren unseres Vereins.<br \/>\nDas Web-Hosting unseres <strong>Internetauftritts<\/strong>, unseres <strong>Online-Shops<\/strong> sowie unseres <strong>Online-Forums<\/strong> erfolgt ebenso wie die verschl\u00fcsselte\u00a0 Datensicherung (Backup) unserer Daten bei <em>1&amp;1 Internet AG, Karlsruhe<\/em>.<\/p>\n<p><strong>Betroffenenrechte<br \/>\n<\/strong><br \/>\nSie k\u00f6nnen unter der Vereinsadresse Auskunft \u00fcber die zu Ihrer Person gespeicherten Daten verlangen. Dar\u00fcber hinaus k\u00f6nnen Sie unter bestimmten Voraussetzungen die Berichtigung oder die L\u00f6schung Ihrer Daten verlangen. Ihnen kann weiterhin ein Recht auf Einschr\u00e4nkung der Verarbeitung Ihrer Daten sowie ein Recht auf Herausgabe der von Ihnen bereitgestellten Daten in einem strukturierten, g\u00e4ngigen und maschinenlesbaren Format zustehen.<\/p>\n<p>Eine Erkl\u00e4rung zum Widerruf, \u00c4nderung, Berichtigung, und Aktualisierung solcher Daten kann schriftlich oder per E-Mail gegen\u00fcber The Web Germany e. V. erfolgen:<\/p>\n<ul>\n<li>The Web Germany e. V.<br \/>\nPostfach 51 10 10<br \/>\n50946 K\u00f6ln<\/li>\n<li>datenschutz@thewebgermany.de<\/li>\n<\/ul>\n<table style=\"height: 112px;\" width=\"473\">\n<tbody>\n<tr>\n<td style=\"width: 456px;\"><strong>Sie haben das Recht, einer Verarbeitung Ihrer personenbezogenen zu widersprechen. Verarbeiten wir Ihre Daten zur Wahrung berechtigter Interessen, k\u00f6nnen Sie dieser Verarbeitung widersprechen, wenn sich aus Ihrer besonderen Situation Gr\u00fcnde ergeben, die gegen die Datenverarbeitung sprechen.<\/strong><\/td>\n<\/tr>\n<\/tbody>\n<\/table>\n<p>Wir weisen darauf hin, dass die Daten\u00fcbertragung im Internet (<em>z. B. bei der Kommunikation per E-Mai<\/em>l) Sicherheitsl\u00fccken aufweisen kann. Ein l\u00fcckenloser Schutz der Daten vor dem Zugriff durch Dritte ist nicht m\u00f6glich.<\/p>\n<p><strong>Widerspruchsrecht<\/strong><\/p>\n<p>Wir weisen darauf hin, dass Sie die Zustimmung zur Verarbeitung der personenbezogenen Daten durch The Web Germany e. V. jederzeit widerrufen k\u00f6nnen. Kontaktieren Sie hierf\u00fcr die Datenschutzkoordination per Post oder Mail:<br \/>\nThe Web Germany e. V., Postfach 50 10 10, 50946 K\u00f6ln; datenschutz@thewebgermany.de<\/p>\n<p><strong>Datenschutzerkl\u00e4rung f\u00fcr die Nutzung von Facebook-Plugins (Like-Button &#8211; <em>sofern aktiviert<\/em>)<\/strong><\/p>\n<p>Auf unseren Seiten sind Plugins des sozialen Netzwerks Facebook (Facebook Inc., 1601 Willow Road, Menlo Park, California, 94025, USA) integriert. Die Facebook-Plugins erkennen Sie an dem Facebook-Logo oder dem \u201eLike-Button\u201c (\u201eGef\u00e4llt mir\u201c) auf unserer Seite. Eine \u00dcbersicht \u00fcber die Facebook-Plugins finden Sie hier: <a href=\"http:\/\/developers.facebook.com\/docs\/plugins\/\">http:\/\/developers.facebook.com\/docs\/plugins\/<\/a>.<br \/>\nWenn Sie unsere Seiten besuchen, wird \u00fcber das Plugin eine direkte Verbindung zwischen Ihrem Browser und dem Facebook-Server hergestellt. Facebook erh\u00e4lt dadurch die Information, dass Sie mit Ihrer IP-Adresse unsere Seite besucht haben. Wenn Sie den Facebook \u201eLike-Button\u201c anklicken w\u00e4hrend Sie in Ihrem Facebook-Account eingeloggt sind, k\u00f6nnen Sie die Inhalte unserer Seiten auf Ihrem Facebook-Profil verlinken. Dadurch kann Facebook den Besuch unserer Seiten Ihrem Benutzerkonto zuordnen. Wir weisen darauf hin, dass wir als Anbieter der Seiten keine Kenntnis vom Inhalt der \u00fcbermittelten Daten sowie deren Nutzung durch Facebook erhalten. Weitere Informationen hierzu finden Sie in der Datenschutzerkl\u00e4rung von facebook unter <a href=\"http:\/\/de-de.facebook.com\/policy.php\">http:\/\/de-de.facebook.com\/policy.php<\/a><\/p>\n<p>Wenn Sie nicht w\u00fcnschen, dass Facebook den Besuch unserer Seiten Ihrem Facebook-Nutzerkonto zuordnen kann, loggen Sie sich bitte aus Ihrem Facebook-Benutzerkonto aus.<\/p>\n<p><strong>Datenschutzerkl\u00e4rung f\u00fcr die Nutzung von Google Analytics<\/strong><\/p>\n<p>Diese Website benutzt Google Analytics, einen Webanalysedienst der Google Inc. (\u201eGoogle\u201c). Google Analytics verwendet sog. \u201eCookies\u201c, Textdateien, die auf Ihrem Computer gespeichert werden und die eine Analyse der Benutzung der Website durch Sie erm\u00f6glichen. Die durch den Cookie erzeugten Informationen \u00fcber Ihre Benutzung dieser Website werden in der Regel an einen Server von Google in den USA \u00fcbertragen und dort gespeichert. Im Falle der Aktivierung der IP-Anonymisierung auf dieser Webseite wird Ihre IP-Adresse von Google jedoch innerhalb von Mitgliedstaaten der Europ\u00e4ischen Union oder in anderen Vertragsstaaten des Abkommens \u00fcber den Europ\u00e4ischen Wirtschaftsraum zuvor gek\u00fcrzt.<\/p>\n<p>Nur in Ausnahmef\u00e4llen wird die volle IP-Adresse an einen Server von Google in den USA \u00fcbertragen und dort gek\u00fcrzt. Im Auftrag des Betreibers dieser Website wird Google diese Informationen benutzen, um Ihre Nutzung der Website auszuwerten, um Reports \u00fcber die Websiteaktivit\u00e4ten zusammenzustellen und um weitere mit der Websitenutzung und der Internetnutzung verbundene Dienstleistungen gegen\u00fcber dem Websitebetreiber zu erbringen. Die im Rahmen von Google Analytics von Ihrem Browser \u00fcbermittelte IP-Adresse wird nicht mit anderen Daten von Google zusammengef\u00fchrt.<\/p>\n<p>Sie k\u00f6nnen die Speicherung der Cookies durch eine entsprechende Einstellung Ihrer Browser-Software verhindern; wir weisen Sie jedoch darauf hin, dass Sie in diesem Fall gegebenenfalls nicht s\u00e4mtliche Funktionen dieser Website vollumf\u00e4nglich werden nutzen k\u00f6nnen. Sie k\u00f6nnen dar\u00fcber hinaus die Erfassung der durch das Cookie erzeugten und auf Ihre Nutzung der Website bezogenen Daten (inkl. Ihrer IP-Adresse) an Google sowie die Verarbeitung dieser Daten durch Google verhindern, indem sie das unter dem folgenden Link verf\u00fcgbare Browser-Plugin herunterladen und installieren: <a href=\"http:\/\/tools.google.com\/dlpage\/gaoptout?hl=de\">http:\/\/tools.google.com\/dlpage\/gaoptout?hl=de<\/a>.<\/p>\n<p><strong>Datenschutzerkl\u00e4rung f\u00fcr die Nutzung von Google Adsense<\/strong><\/p>\n<p>Diese Website benutzt Google AdSense, einen Dienst zum Einbinden von Werbeanzeigen der Google Inc. (\u201eGoogle\u201c). Google AdSense verwendet sog. \u201eCookies\u201c, Textdateien, die auf Ihrem Computer gespeichert werden und die eine Analyse der Benutzung der Website erm\u00f6glicht. Google AdSense verwendet auch so genannte Web Beacons (unsichtbare Grafiken). Durch diese Web Beacons k\u00f6nnen Informationen wie der Besucherverkehr auf diesen Seiten ausgewertet werden.<\/p>\n<p>Die durch Cookies und Web Beacons erzeugten Informationen \u00fcber die Benutzung dieser Website (einschlie\u00dflich Ihrer IP-Adresse) und Auslieferung von Werbeformaten werden an einen Server von Google in den USA \u00fcbertragen und dort gespeichert. Diese Informationen k\u00f6nnen von Google an Vertragspartner von Google weiter gegeben werden. Google wird Ihre IP-Adresse jedoch nicht mit anderen von Ihnen gespeicherten Daten zusammenf\u00fchren.<\/p>\n<p>Sie k\u00f6nnen die Installation der Cookies durch eine entsprechende Einstellung Ihrer Browser Software verhindern; wir weisen Sie jedoch darauf hin, dass Sie in diesem Fall gegebenenfalls nicht s\u00e4mtliche Funktionen dieser Website voll umf\u00e4nglich nutzen k\u00f6nnen. Durch die Nutzung dieser Website erkl\u00e4ren Sie sich mit der Bearbeitung der \u00fcber Sie erhobenen Daten durch Google in der zuvor beschriebenen Art und Weise und zu dem zuvor benannten Zweck einverstanden.<\/p>\n<p><strong>Datenschutzerkl\u00e4rung f\u00fcr die Nutzung von Google +1<\/strong><\/p>\n<p><em>Erfassung und Weitergabe von Informationen:<\/em><br \/>\nMithilfe der Google +1-Schaltfl\u00e4che k\u00f6nnen Sie Informationen weltweit ver\u00f6ffentlichen. \u00fcber die Google +1-Schaltfl\u00e4che erhalten Sie und andere Nutzer personalisierte Inhalte von Google und unseren Partnern. Google speichert sowohl die Information, dass Sie f\u00fcr einen Inhalt +1 gegeben haben, als auch Informationen \u00fcber die Seite, die Sie beim Klicken auf +1 angesehen haben. Ihre +1 k\u00f6nnen als Hinweise zusammen mit Ihrem Profilnamen und Ihrem Foto in Google-Diensten, wie etwa in Suchergebnissen oder in Ihrem Google-Profil, oder an anderen Stellen auf Websites und Anzeigen im Internet eingeblendet werden.<br \/>\nGoogle zeichnet Informationen \u00fcber Ihre +1-Aktivit\u00e4ten auf, um die Google-Dienste f\u00fcr Sie und andere zu verbessern. Um die Google +1-Schaltfl\u00e4che verwenden zu k\u00f6nnen, ben\u00f6tigen Sie ein weltweit sichtbares, \u00f6ffentliches Google-Profil, das zumindest den f\u00fcr das Profil gew\u00e4hlten Namen enthalten muss. Dieser Name wird in allen Google-Diensten verwendet. In manchen F\u00e4llen kann dieser Name auch einen anderen Namen ersetzen, den Sie beim Teilen von Inhalten \u00fcber Ihr Google-Konto verwendet haben. Die Identit\u00e4t Ihres Google-Profils kann Nutzern angezeigt werden, die Ihre E-Mail-Adresse kennen oder \u00fcber andere identifizierende Informationen von Ihnen verf\u00fcgen.<\/p>\n<p><em>Verwendung der erfassten Informationen:<\/em><br \/>\nNeben den oben erl\u00e4uterten Verwendungszwecken werden die von Ihnen bereitgestellten Informationen gem\u00e4\u00df den geltenden Google-Datenschutzbestimmungen genutzt. Google ver\u00f6ffentlicht m\u00f6glicherweise zusammengefasste Statistiken \u00fcber die +1-Aktivit\u00e4ten der Nutzer bzw. gibt diese an Nutzer und Partner weiter, wie etwa Publisher, Inserenten oder verbundene Websites.<\/p>\n<p><strong>Datenschutzerkl\u00e4rung f\u00fcr die Nutzung von Twitter<\/strong><\/p>\n<p>Auf unseren Seiten sind Funktionen des Dienstes Twitter eingebunden. Diese Funktionen werden angeboten durch die Twitter Inc., Twitter, Inc. 1355 Market St, Suite 900, San Francisco, CA 94103, USA. Durch das Benutzen von Twitter und der Funktion \u201eRe-Tweet\u201c werden die von Ihnen besuchten Webseiten mit Ihrem Twitter-Account verkn\u00fcpft und anderen Nutzern bekannt gegeben. Dabei werden auch Daten an Twitter \u00fcbertragen.<\/p>\n<p>Wir weisen darauf hin, dass wir als Anbieter der Seiten keine Kenntnis vom Inhalt der \u00fcbermittelten Daten sowie deren Nutzung durch Twitter erhalten. Weitere Informationen hierzu finden Sie in der Datenschutzerkl\u00e4rung von Twitter unter <a href=\"http:\/\/twitter.com\/privacy\">http:\/\/twitter.com\/privacy<\/a>.<\/p>\n<p>Ihre Datenschutzeinstellungen bei Twitter k\u00f6nnen Sie in den Konto-Einstellungen unter <a href=\"http:\/\/twitter.com\/account\/settings\">http:\/\/twitter.com\/account\/settings<\/a> \u00e4ndern.<\/p>\n<p><strong>Haftung f\u00fcr Inhalte<\/strong><\/p>\n<p>Als Diensteanbieter sind wir gem\u00e4\u00df \u00a7 7 Abs.1 TMG f\u00fcr eigene Inhalte auf diesen Seiten nach den allgemeinen Gesetzen verantwortlich. Nach \u00a7\u00a7 8 bis 10 TMG sind wir als Diensteanbieter jedoch nicht verpflichtet, \u00fcbermittelte oder gespeicherte fremde Informationen zu \u00fcberwachen oder nach Umst\u00e4nden zu forschen, die auf eine rechtswidrige T\u00e4tigkeit hinweisen. Verpflichtungen zur Entfernung oder Sperrung der Nutzung von Informationen nach den allgemeinen Gesetzen bleiben hiervon unber\u00fchrt. Eine diesbez\u00fcgliche Haftung ist jedoch erst ab dem Zeitpunkt der Kenntnis einer konkreten Rechtsverletzung m\u00f6glich. Bei Bekanntwerden von entsprechenden Rechtsverletzungen werden wir diese Inhalte umgehend entfernen.<\/p>\n<p><strong>Haftung f\u00fcr Links<\/strong><\/p>\n<p>Unser Angebot enth\u00e4lt Links zu externen Webseiten Dritter, auf deren Inhalte wir keinen Einfluss haben. Deshalb k\u00f6nnen wir f\u00fcr diese fremden Inhalte auch keine Gew\u00e4hr \u00fcbernehmen. F\u00fcr die Inhalte der verlinkten Seiten ist stets der jeweilige Anbieter oder Betreiber der Seiten verantwortlich. Die verlinkten Seiten wurden zum Zeitpunkt der Verlinkung auf m\u00f6gliche Rechtsverst\u00f6\u00dfe \u00fcberpr\u00fcft. Rechtswidrige Inhalte waren zum Zeitpunkt der Verlinkung nicht erkennbar. Eine permanente inhaltliche Kontrolle der verlinkten Seiten ist jedoch ohne konkrete Anhaltspunkte einer Rechtsverletzung nicht zumutbar. Bei Bekanntwerden von Rechtsverletzungen werden wir derartige Links umgehend entfernen.<\/p>\n<p><strong>Urheberrecht<\/strong><\/p>\n<p>Die durch die Seitenbetreiber erstellten Inhalte und Werke auf diesen Seiten unterliegen dem deutschen Urheberrecht. Die Vervielf\u00e4ltigung, Bearbeitung, Verbreitung und jede Art der Verwertung au\u00dferhalb der Grenzen des Urheberrechtes bed\u00fcrfen der schriftlichen Zustimmung des jeweiligen Autors bzw. Erstellers. Downloads und Kopien dieser Seite sind nur f\u00fcr den privaten, nicht kommerziellen Gebrauch gestattet. Soweit die Inhalte auf dieser Seite nicht vom Betreiber erstellt wurden, werden die Urheberrechte Dritter beachtet. Insbesondere werden Inhalte Dritter als solche gekennzeichnet. Sollten Sie trotzdem auf eine Urheberrechtsverletzung aufmerksam werden, bitten wir um einen entsprechenden Hinweis. Bei Bekanntwerden von Rechtsverletzungen werden wir derartige Inhalte umgehend entfernen.<\/p>\n<p>Wir behalten uns ausdr\u00fccklich das Recht vor, unsere Datenschutz-ma\u00dfnahmen weiter zu optimieren und den Inhalt der Datenschutz- erkl\u00e4rung anzupassen.<\/p>\n<p><i>Quellverweis: <a href=\"http:\/\/www.e-recht24.de\/muster-disclaimer.html\" target=\"_blank\" rel=\"nofollow noopener noreferrer\">Disclaimer eRecht24<\/a>, <a href=\"http:\/\/www.e-recht24.de\/muster-disclaimer.html\" target=\"_blank\" rel=\"nofollow noopener noreferrer\">Disclaimer<\/a> von eRecht24, dem Portal zum Internetrecht von Rechtsanwalt S\u00f6ren Siebert<\/i><\/p>\n<p><i>Quellen:<br \/>\n<a href=\"http:\/\/www.e-recht24.de\/muster-datenschutzerklaerung.html\" target=\"_blank\" rel=\"nofollow noopener noreferrer\">eRecht24 Datenschutzerkl\u00e4rung<\/a><br \/>\n<a href=\"http:\/\/www.e-recht24.de\/artikel\/datenschutz\/6590-facebook-like-button-datenschutz-disclaimer.html\" target=\"_blank\" rel=\"nofollow noopener noreferrer\">Facebook Datenschutzerkl\u00e4rung<\/a><br \/>\n<a href=\"http:\/\/www.google.com\/intl\/de\/analytics\/privacyoverview.html\" target=\"_blank\" rel=\"nofollow noopener noreferrer\">Google Analytics Datenschutzerkl\u00e4rung<\/a><br \/>\n<a href=\"http:\/\/www.e-recht24.de\/artikel\/datenschutz\/6635-datenschutz-rechtliche-risiken-bei-der-nutzung-von-google-analytics-und-googleadsense.html\" target=\"_blank\" rel=\"nofollow noopener noreferrer\">Datenschutzerkl\u00e4rung f\u00fcr Google Adsense<\/a><br \/>\n<a href=\"http:\/\/www.google.com\/intl\/de\/+\/policy\/+1button.html\" target=\"_blank\" rel=\"nofollow noopener noreferrer\">Datenschutzerkl\u00e4rung f\u00fcr Google +1<\/a><br \/>\n<a href=\"http:\/\/twitter.com\/privacy\" target=\"_blank\" rel=\"nofollow noopener noreferrer\">Datenschutzerkl\u00e4rung Twitter<\/a><\/i><\/p>\n<p><em><a href=\"http:\/\/eur-lex.europa.eu\/legal-content\/DE\/TXT\/PDF\/?uri=CELEX:32016R0679&amp;from=DE\" target=\"_blank\" rel=\"noopener noreferrer\">EU-Datenschutzgrundverordnung<br \/>\n<\/a><a href=\"http:\/\/www.gesetze-im-internet.de\/bdsg_1990\/index.html\" target=\"_blank\" rel=\"noopener noreferrer\">Bundesdatenschutzgesetz<\/a><\/em><br \/>\n<em> <a href=\"http:\/\/rlp.juris.de\/rlp\/DSG_RP_rahmen.htm\" target=\"_blank\" rel=\"noopener noreferrer\">Landesdatenschutzgesetz Rheinland-Pfalz<\/a><br \/>\n<a href=\"https:\/\/www.vereinswelt.de\/dsgvo-fuer-vereine\" target=\"_blank\" rel=\"noopener noreferrer\">Vereinswelt.de \/ Datenschutz im Verein<\/a><br \/>\n<\/em><a href=\"https:\/\/bundesverband.bvve.de\/datenschutz-im-verein\/\" target=\"_blank\" rel=\"noopener noreferrer\"><em>Bundesverband der Vereine und des Ehrenamtes e. V. <\/em><\/a><\/p>\n<p><em><a href=\"https:\/\/hosting.1und1.de\/\" target=\"_blank\" rel=\"noopener noreferrer\">1&amp;1 Web-Hosting<\/a><\/em><br \/>\n<a href=\"https:\/\/www.sparkasse-koelnbonn.de\/de\/home.html\" target=\"_blank\" rel=\"noopener noreferrer\"><em>Stadtsparkasse K\u00f6lnBonn<\/em><\/a><\/p>\n<p>&nbsp;<\/p>\n<p><a href=\"http:\/\/www.e-recht24.de\/\" rel=\"attachment wp-att-2022\"><img loading=\"lazy\" decoding=\"async\" class=\"alignleft wp-image-2022 size-full\" src=\"http:\/\/www.thewebgermany.de\/wordpress\/wp-content\/uploads\/2013\/11\/logo-erecht24-long-72-rgb.png\" alt=\"logo-erecht24-long-72-rgb\" width=\"202\" height=\"50\" \/><\/a><\/p>\n<p>&nbsp;<\/p>\n<p><a href=\"http:\/\/business.trustedshops.de\/\" rel=\"attachment wp-att-2025\"><img loading=\"lazy\" decoding=\"async\" class=\"alignleft wp-image-2025 size-full\" src=\"http:\/\/www.thewebgermany.de\/wordpress\/wp-content\/uploads\/2014\/01\/trustedshop.jpg\" alt=\"trustedshop\" width=\"137\" height=\"64\" \/><\/a><\/p>\n<p><a href=\"http:\/\/business.trustedshops.de\/blog\" target=\"_blank\" rel=\"noopener noreferrer\"><strong>BLOG<\/strong><\/a><\/p>\n","protected":false},"excerpt":{"rendered":"<p>Datenschutz Die Datenschutzerkl\u00e4rung erl\u00e4utert die Erhebung, Verarbeitung und Nutzung personenbezogener Daten durch The Web Germany e. V. (im Folgenden auch &#8222;verarbeitende Stelle&#8220;) auf unserer oder \u00fcber unsere Webseite, unseren TWG-Online-Shop, [&hellip;]<\/p>\n","protected":false},"author":2,"featured_media":0,"parent":0,"menu_order":0,"comment_status":"closed","ping_status":"closed","template":"page-templates\/full-width.php","meta":{"footnotes":""},"class_list":["post-717","page","type-page","status-publish","hentry"],"_links":{"self":[{"href":"https:\/\/www.thewebgermany.de\/wordpress\/wp-json\/wp\/v2\/pages\/717","targetHints":{"allow":["GET"]}}],"collection":[{"href":"https:\/\/www.thewebgermany.de\/wordpress\/wp-json\/wp\/v2\/pages"}],"about":[{"href":"https:\/\/www.thewebgermany.de\/wordpress\/wp-json\/wp\/v2\/types\/page"}],"author":[{"embeddable":true,"href":"https:\/\/www.thewebgermany.de\/wordpress\/wp-json\/wp\/v2\/users\/2"}],"replies":[{"embeddable":true,"href":"https:\/\/www.thewebgermany.de\/wordpress\/wp-json\/wp\/v2\/comments?post=717"}],"version-history":[{"count":37,"href":"https:\/\/www.thewebgermany.de\/wordpress\/wp-json\/wp\/v2\/pages\/717\/revisions"}],"predecessor-version":[{"id":3534,"href":"https:\/\/www.thewebgermany.de\/wordpress\/wp-json\/wp\/v2\/pages\/717\/revisions\/3534"}],"wp:attachment":[{"href":"https:\/\/www.thewebgermany.de\/wordpress\/wp-json\/wp\/v2\/media?parent=717"}],"curies":[{"name":"wp","href":"https:\/\/api.w.org\/{rel}","templated":true}]}}