{"id":925,"date":"2014-01-11T17:22:12","date_gmt":"2014-01-11T16:22:12","guid":{"rendered":"http:\/\/www.thewebgermany.de\/wordpress\/?page_id=925"},"modified":"2024-08-16T16:14:55","modified_gmt":"2024-08-16T15:14:55","slug":"twg-e-mail-adressen","status":"publish","type":"page","link":"https:\/\/www.thewebgermany.de\/wordpress\/twg-e-mail-adressen\/","title":{"rendered":"TWG-E-Mail-Adressen"},"content":{"rendered":"<p><strong>Allgemeine Fragen an The Web Germany:<\/strong><br \/>\n<a href=\"mailto:marillion@thewebgermany.de\">marillion@thewebgermany.de<\/a><\/p>\n<p><strong>Fragen zur Mitgliedschaft, zum Mitgliedsstatus und zur Mitteilung von Adress\u00e4nderungen:<\/strong><br \/>\n<a href=\"mailto:mitglieder@thewebgermany.de\">mitglieder@thewebgermany.de<\/a><\/p>\n<p><strong>Made-Again-Redaktion, wenn ihr uns Eure Beitr\u00e4ge zusenden m\u00f6chtet:<\/strong><br \/>\n<a href=\"mailto:redaktion@thewebgermany.de\">redaktion@thewebgermany.de<\/a><\/p>\n<p><strong>Merchandising:<\/strong><br \/>\n<a href=\"mailto:merchandising@thewebgermany.de\">merchandising@thewebgermany.de<\/a><\/p>\n<p><strong>Webmaster, Forum, Newsletter, TWG-Shop:<\/strong><br \/>\n<a href=\"mailto:webmaster@thewebgermany.de\">webmaster@thewebgermany.de<\/a><\/p>\n<p><strong>Anfragen bez\u00fcglich Datenschutz:<\/strong><br \/>\n<a href=\"mailto:datenschutz@thewebgermany.de\">datenschutz@thewebgermany.de<\/a><\/p>\n","protected":false},"excerpt":{"rendered":"<p>Allgemeine Fragen an The Web Germany: marillion@thewebgermany.de Fragen zur Mitgliedschaft, zum Mitgliedsstatus und zur Mitteilung von Adress\u00e4nderungen: mitglieder@thewebgermany.de Made-Again-Redaktion, wenn ihr uns Eure Beitr\u00e4ge zusenden m\u00f6chtet: redaktion@thewebgermany.de Merchandising: merchandising@thewebgermany.de Webmaster, [&hellip;]<\/p>\n","protected":false},"author":2,"featured_media":0,"parent":0,"menu_order":0,"comment_status":"closed","ping_status":"closed","template":"","meta":{"footnotes":""},"class_list":["post-925","page","type-page","status-publish","hentry"],"_links":{"self":[{"href":"https:\/\/www.thewebgermany.de\/wordpress\/wp-json\/wp\/v2\/pages\/925","targetHints":{"allow":["GET"]}}],"collection":[{"href":"https:\/\/www.thewebgermany.de\/wordpress\/wp-json\/wp\/v2\/pages"}],"about":[{"href":"https:\/\/www.thewebgermany.de\/wordpress\/wp-json\/wp\/v2\/types\/page"}],"author":[{"embeddable":true,"href":"https:\/\/www.thewebgermany.de\/wordpress\/wp-json\/wp\/v2\/users\/2"}],"replies":[{"embeddable":true,"href":"https:\/\/www.thewebgermany.de\/wordpress\/wp-json\/wp\/v2\/comments?post=925"}],"version-history":[{"count":22,"href":"https:\/\/www.thewebgermany.de\/wordpress\/wp-json\/wp\/v2\/pages\/925\/revisions"}],"predecessor-version":[{"id":5489,"href":"https:\/\/www.thewebgermany.de\/wordpress\/wp-json\/wp\/v2\/pages\/925\/revisions\/5489"}],"wp:attachment":[{"href":"https:\/\/www.thewebgermany.de\/wordpress\/wp-json\/wp\/v2\/media?parent=925"}],"curies":[{"name":"wp","href":"https:\/\/api.w.org\/{rel}","templated":true}]}}